{"id":202,"date":"2021-01-10T12:48:38","date_gmt":"2021-01-10T12:48:38","guid":{"rendered":"https:\/\/www.fisecker.at\/?page_id=202"},"modified":"2024-01-07T13:40:19","modified_gmt":"2024-01-07T13:40:19","slug":"agb","status":"publish","type":"page","link":"https:\/\/www.fisecker.at\/?page_id=202","title":{"rendered":"AGB"},"content":{"rendered":"\n<p class=\"has-white-color has-text-color has-link-color wp-elements-b9d6640388b4f3ac20054d30053f50c5\">AGB<br><br>KONTAKT:<br>FISECKER GmbH<br>4906 Eberschwang 127<br>T.: +43 7753 2108 \/ F.: +43 7753 2108 20 \/ M.: holzartikel@fisecker.at<br><br>PREISE: Unsere Preise sind Nettopreise zuz\u00fcglich Mehrwertsteuer. Mengenrabatte auf den Produktseiten.<br><br>LIEFERBEDINGUNGEN: Die Lieferung erfolgt frei Haus per Spedition oder Paketdienst. Es wird abh\u00e4ngig von der Bestellmenge die g\u00fcnstigere Variante gew\u00e4hlt. Bei einem Bestellwert unter EUR 20,\u2013 werden EUR 6.\u2013 Frachtkosten berechnet. Bei Sonderkonditionen gelten verhandelte Richtlinien. Neukunden werden generell per Nachnahme beliefert.<br><br>LIEFERZEIT: Wir bem\u00fchen uns, ihre Auftr\u00e4ge noch am Tag des Auftragseingangs oder am darauffolgenden Tag zu bearbeiten. <br><br>ZAHLUNGSBEDINGUNGEN: Rechnungsdatum ist Lieferdatum, Rechnungen sind zahlbar 30 Tage nach Rechnungsdatum oder binnen 10 Tagen mit 3 % Skonto.<\/p>\n\n\n\n<p class=\"has-white-color has-text-color has-link-color wp-elements-9ff36e6e553941414f9227bb1286b6ab\">REKLAMATIONEN: K\u00f6nnen nur innerhalb von 8 Tagen nach Erhalt der Ware ber\u00fccksichtigt werden. Die Ware ist transportversichert. Bei Anlieferung von besch\u00e4digter Ware k\u00f6nnen Ersatzanspr\u00fcche nur geltend gemacht werden, wenn sp\u00e4testens einen Tag nach Erhalt der Ware der Schaden bekanntgegeben wird. Die Berichtigung irrt\u00fcmlich falsch notierter Preise auf Rechnungen und Preislisten behalten wir uns vor.<br><br>ERF\u00dcLLUNGSORT UND GERICHTSSTAND: F\u00fcr die Lieferung und Zahlung ist Eberschwang bzw. Ried im Innkreis. Die gelieferte Ware bleibt bis zur vollst\u00e4ndigen Bezahlung unser Eigentum. Mit einer Bestellung akzeptieren sie automatisch unsere Einkaufs und Gesch\u00e4ftsbedingungen.<\/p>\n\n\n\n<p class=\"has-white-color has-text-color has-link-color wp-elements-a8d73b4b81c210fa9cfbb306641b06b6\">BANKVERBINDUNG:<br>RAIBA Eberschwang BLZ 34081 Ktonr. 15412<br>IBAN- AT903408100000015412 BIC RZ00AT2L081<br><br>Volksbank Ried BLZ 43830 Ktonr. 3044047<br>IBAN- AT204383030440470000 BIC VBOEATWWRIE<\/p>\n\n\n\n<p class=\"has-white-color has-text-color has-link-color wp-elements-db8b761bb901b59877274d86bb7a656f\">Firmenbuch:  FN419346K<\/p>\n\n\n\n<p class=\"has-white-color has-text-color has-link-color wp-elements-e6901ea196b81b7bb0d2f77d4fe79b4e\">Ust Ident:  ATU68882104<\/p>\n\n\n\n<p class=\"has-white-color has-text-color has-link-color wp-elements-c645e628e62f8fbab9d9726851472d16\"><\/p>\n","protected":false},"excerpt":{"rendered":"<p>AGB KONTAKT:FISECKER GmbH4906 Eberschwang 127T.: +43 7753 2108 \/ F.: +43 7753 2108 20 \/ M.: holzartikel@fisecker.at PREISE: Unsere Preise sind Nettopreise zuz\u00fcglich Mehrwertsteuer. Mengenrabatte auf den Produktseiten. LIEFERBEDINGUNGEN: Die Lieferung erfolgt frei Haus per Spedition oder Paketdienst. Es wird abh\u00e4ngig von der Bestellmenge die g\u00fcnstigere Variante gew\u00e4hlt. Bei einem Bestellwert unter EUR 20,\u2013 werden&hellip; <br \/> <a class=\"read-more\" href=\"https:\/\/www.fisecker.at\/?page_id=202\">Weiterlesen<\/a><\/p>\n","protected":false},"author":1,"featured_media":0,"parent":0,"menu_order":0,"comment_status":"closed","ping_status":"closed","template":"page-templates\/homepage.php","meta":{"footnotes":""},"class_list":["post-202","page","type-page","status-publish","hentry"],"yoast_head":"<!-- This site is optimized with the Yoast SEO plugin v25.3.1 - https:\/\/yoast.com\/wordpress\/plugins\/seo\/ -->\n<title>AGB |<\/title>\n<meta name=\"robots\" content=\"index, follow, max-snippet:-1, max-image-preview:large, max-video-preview:-1\" \/>\n<link rel=\"canonical\" href=\"https:\/\/www.fisecker.at\/?page_id=202\" \/>\n<meta property=\"og:locale\" content=\"de_DE\" \/>\n<meta property=\"og:type\" content=\"article\" \/>\n<meta property=\"og:title\" content=\"AGB |\" \/>\n<meta property=\"og:description\" content=\"AGB KONTAKT:FISECKER GmbH4906 Eberschwang 127T.: +43 7753 2108 \/ F.: +43 7753 2108 20 \/ M.: holzartikel@fisecker.at PREISE: Unsere Preise sind Nettopreise zuz\u00fcglich Mehrwertsteuer. Mengenrabatte auf den Produktseiten. LIEFERBEDINGUNGEN: Die Lieferung erfolgt frei Haus per Spedition oder Paketdienst. Es wird abh\u00e4ngig von der Bestellmenge die g\u00fcnstigere Variante gew\u00e4hlt. Bei einem Bestellwert unter EUR 20,\u2013 werden&hellip; Weiterlesen\" \/>\n<meta property=\"og:url\" content=\"https:\/\/www.fisecker.at\/?page_id=202\" \/>\n<meta property=\"article:modified_time\" content=\"2024-01-07T13:40:19+00:00\" \/>\n<meta name=\"twitter:card\" content=\"summary_large_image\" \/>\n<meta name=\"twitter:label1\" content=\"Gesch\u00e4tzte Lesezeit\" \/>\n\t<meta name=\"twitter:data1\" content=\"1\u00a0Minute\" \/>\n<script type=\"application\/ld+json\" class=\"yoast-schema-graph\">{\"@context\":\"https:\/\/schema.org\",\"@graph\":[{\"@type\":\"WebPage\",\"@id\":\"https:\/\/www.fisecker.at\/?page_id=202\",\"url\":\"https:\/\/www.fisecker.at\/?page_id=202\",\"name\":\"AGB |\",\"isPartOf\":{\"@id\":\"https:\/\/www.fisecker.at\/#website\"},\"datePublished\":\"2021-01-10T12:48:38+00:00\",\"dateModified\":\"2024-01-07T13:40:19+00:00\",\"breadcrumb\":{\"@id\":\"https:\/\/www.fisecker.at\/?page_id=202#breadcrumb\"},\"inLanguage\":\"de\",\"potentialAction\":[{\"@type\":\"ReadAction\",\"target\":[\"https:\/\/www.fisecker.at\/?page_id=202\"]}]},{\"@type\":\"BreadcrumbList\",\"@id\":\"https:\/\/www.fisecker.at\/?page_id=202#breadcrumb\",\"itemListElement\":[{\"@type\":\"ListItem\",\"position\":1,\"name\":\"Startseite\",\"item\":\"https:\/\/www.fisecker.at\/\"},{\"@type\":\"ListItem\",\"position\":2,\"name\":\"AGB\"}]},{\"@type\":\"WebSite\",\"@id\":\"https:\/\/www.fisecker.at\/#website\",\"url\":\"https:\/\/www.fisecker.at\/\",\"name\":\"\",\"description\":\"\",\"publisher\":{\"@id\":\"https:\/\/www.fisecker.at\/#organization\"},\"potentialAction\":[{\"@type\":\"SearchAction\",\"target\":{\"@type\":\"EntryPoint\",\"urlTemplate\":\"https:\/\/www.fisecker.at\/?s={search_term_string}\"},\"query-input\":{\"@type\":\"PropertyValueSpecification\",\"valueRequired\":true,\"valueName\":\"search_term_string\"}}],\"inLanguage\":\"de\"},{\"@type\":\"Organization\",\"@id\":\"https:\/\/www.fisecker.at\/#organization\",\"name\":\"Fisecker GmbH | Eberschwang | \u00d6sterreich\",\"url\":\"https:\/\/www.fisecker.at\/\",\"logo\":{\"@type\":\"ImageObject\",\"inLanguage\":\"de\",\"@id\":\"https:\/\/www.fisecker.at\/#\/schema\/logo\/image\/\",\"url\":\"https:\/\/www.fisecker.at\/wp-content\/uploads\/2021\/01\/cropped-Logo_Fisecker_2020_END_1.png\",\"contentUrl\":\"https:\/\/www.fisecker.at\/wp-content\/uploads\/2021\/01\/cropped-Logo_Fisecker_2020_END_1.png\",\"width\":1868,\"height\":419,\"caption\":\"Fisecker GmbH | Eberschwang | \u00d6sterreich\"},\"image\":{\"@id\":\"https:\/\/www.fisecker.at\/#\/schema\/logo\/image\/\"}}]}<\/script>\n<!-- \/ Yoast SEO plugin. -->","yoast_head_json":{"title":"AGB |","robots":{"index":"index","follow":"follow","max-snippet":"max-snippet:-1","max-image-preview":"max-image-preview:large","max-video-preview":"max-video-preview:-1"},"canonical":"https:\/\/www.fisecker.at\/?page_id=202","og_locale":"de_DE","og_type":"article","og_title":"AGB |","og_description":"AGB KONTAKT:FISECKER GmbH4906 Eberschwang 127T.: +43 7753 2108 \/ F.: +43 7753 2108 20 \/ M.: holzartikel@fisecker.at PREISE: Unsere Preise sind Nettopreise zuz\u00fcglich Mehrwertsteuer. Mengenrabatte auf den Produktseiten. LIEFERBEDINGUNGEN: Die Lieferung erfolgt frei Haus per Spedition oder Paketdienst. Es wird abh\u00e4ngig von der Bestellmenge die g\u00fcnstigere Variante gew\u00e4hlt. Bei einem Bestellwert unter EUR 20,\u2013 werden&hellip; Weiterlesen","og_url":"https:\/\/www.fisecker.at\/?page_id=202","article_modified_time":"2024-01-07T13:40:19+00:00","twitter_card":"summary_large_image","twitter_misc":{"Gesch\u00e4tzte Lesezeit":"1\u00a0Minute"},"schema":{"@context":"https:\/\/schema.org","@graph":[{"@type":"WebPage","@id":"https:\/\/www.fisecker.at\/?page_id=202","url":"https:\/\/www.fisecker.at\/?page_id=202","name":"AGB |","isPartOf":{"@id":"https:\/\/www.fisecker.at\/#website"},"datePublished":"2021-01-10T12:48:38+00:00","dateModified":"2024-01-07T13:40:19+00:00","breadcrumb":{"@id":"https:\/\/www.fisecker.at\/?page_id=202#breadcrumb"},"inLanguage":"de","potentialAction":[{"@type":"ReadAction","target":["https:\/\/www.fisecker.at\/?page_id=202"]}]},{"@type":"BreadcrumbList","@id":"https:\/\/www.fisecker.at\/?page_id=202#breadcrumb","itemListElement":[{"@type":"ListItem","position":1,"name":"Startseite","item":"https:\/\/www.fisecker.at\/"},{"@type":"ListItem","position":2,"name":"AGB"}]},{"@type":"WebSite","@id":"https:\/\/www.fisecker.at\/#website","url":"https:\/\/www.fisecker.at\/","name":"","description":"","publisher":{"@id":"https:\/\/www.fisecker.at\/#organization"},"potentialAction":[{"@type":"SearchAction","target":{"@type":"EntryPoint","urlTemplate":"https:\/\/www.fisecker.at\/?s={search_term_string}"},"query-input":{"@type":"PropertyValueSpecification","valueRequired":true,"valueName":"search_term_string"}}],"inLanguage":"de"},{"@type":"Organization","@id":"https:\/\/www.fisecker.at\/#organization","name":"Fisecker GmbH | Eberschwang | \u00d6sterreich","url":"https:\/\/www.fisecker.at\/","logo":{"@type":"ImageObject","inLanguage":"de","@id":"https:\/\/www.fisecker.at\/#\/schema\/logo\/image\/","url":"https:\/\/www.fisecker.at\/wp-content\/uploads\/2021\/01\/cropped-Logo_Fisecker_2020_END_1.png","contentUrl":"https:\/\/www.fisecker.at\/wp-content\/uploads\/2021\/01\/cropped-Logo_Fisecker_2020_END_1.png","width":1868,"height":419,"caption":"Fisecker GmbH | Eberschwang | \u00d6sterreich"},"image":{"@id":"https:\/\/www.fisecker.at\/#\/schema\/logo\/image\/"}}]}},"_links":{"self":[{"href":"https:\/\/www.fisecker.at\/index.php?rest_route=\/wp\/v2\/pages\/202","targetHints":{"allow":["GET"]}}],"collection":[{"href":"https:\/\/www.fisecker.at\/index.php?rest_route=\/wp\/v2\/pages"}],"about":[{"href":"https:\/\/www.fisecker.at\/index.php?rest_route=\/wp\/v2\/types\/page"}],"author":[{"embeddable":true,"href":"https:\/\/www.fisecker.at\/index.php?rest_route=\/wp\/v2\/users\/1"}],"replies":[{"embeddable":true,"href":"https:\/\/www.fisecker.at\/index.php?rest_route=%2Fwp%2Fv2%2Fcomments&post=202"}],"version-history":[{"count":7,"href":"https:\/\/www.fisecker.at\/index.php?rest_route=\/wp\/v2\/pages\/202\/revisions"}],"predecessor-version":[{"id":439,"href":"https:\/\/www.fisecker.at\/index.php?rest_route=\/wp\/v2\/pages\/202\/revisions\/439"}],"wp:attachment":[{"href":"https:\/\/www.fisecker.at\/index.php?rest_route=%2Fwp%2Fv2%2Fmedia&parent=202"}],"curies":[{"name":"wp","href":"https:\/\/api.w.org\/{rel}","templated":true}]}}